{"id":5,"date":"2019-04-04T18:22:38","date_gmt":"2019-04-04T18:22:38","guid":{"rendered":"http:\/\/hamoit.de\/willkommen-auf-http-hamoit-de-2"},"modified":"2025-09-17T12:54:58","modified_gmt":"2025-09-17T12:54:58","slug":"willkommen-auf-http-hamoit-de-2","status":"publish","type":"page","link":"https:\/\/hamoit.de\/","title":{"rendered":"HaMoIT"},"content":{"rendered":"\r\n<p>Andreas Schild, IT-Dienstleister.<\/p>\r\n\r\n\r\n\r\n<figure class=\"wp-block-image is-resized\"><img loading=\"lazy\" decoding=\"async\" class=\"wp-image-19\" src=\"https:\/\/hamoit.de\/wp-content\/uploads\/2019\/04\/Profilfoto-e1555611120292-768x1024.jpg\" alt=\"\" width=\"192\" height=\"256\" srcset=\"https:\/\/hamoit.de\/wp-content\/uploads\/2019\/04\/Profilfoto-e1555611120292-768x1024.jpg 768w, https:\/\/hamoit.de\/wp-content\/uploads\/2019\/04\/Profilfoto-e1555611120292-225x300.jpg 225w, https:\/\/hamoit.de\/wp-content\/uploads\/2019\/04\/Profilfoto-e1555611120292-1568x2091.jpg 1568w\" sizes=\"auto, (max-width: 192px) 100vw, 192px\" \/><\/figure>\r\n\r\n\r\n\r\n<p>Seit 1990 bin ich beruflich im IT Umfeld unterwegs. In dieser Zeit habe ich mit verschiedenen Betriebssystemen und Applikationen gearbeitet. Anfangen hat es mit DOS \u00fcber Windows3.11 bis zum aktuellen Windows 11. Sp\u00e4ter kam noch SLED und Mac OS X dazu. Im Serverbereich war es zuerst Netware und Windows NT bzw. Windows Server. Dann kam Linux und auch Mac OS X Server hinzu. Im Bereich der mobilen Ger\u00e4te arbeite ich haupts\u00e4chlich mit iOS.<\/p>\r\n\r\n\r\n\r\n<p>Bei den Applikationen, im Serverbereich, arbeitete ich mit Zenworks (ZCM) und GroupWise. Die Updates\/Migrationen von Zenworks zu ZCM habe ich erfolgreich bei Kunden durchgef\u00fchrt. Auch Updates im Bereich GroupWise und die Migration, und sp\u00e4tere Administration, von Exchange waren gr\u00f6\u00dfere Projekte.<\/p>\r\n\r\n\r\n\r\n<p>Nat\u00fcrlich geh\u00f6rt VMWare und die Cloud-Architektur zu meinem Wissensgebiet.<\/p>\r\n\r\n\r\n\r\n<p>Ticketbearbeitung, Dokumentation, Projektmanagement und Securitymanagment sind ebenfalls Bereiche die zu meinem IT-Bereich geh\u00f6rt.<\/p>\r\n","protected":false},"excerpt":{"rendered":"<p>Andreas Schild, IT-Dienstleister. Seit 1990 bin ich beruflich im IT Umfeld unterwegs. In dieser Zeit habe ich mit verschiedenen Betriebssystemen und Applikationen gearbeitet. Anfangen hat es mit DOS \u00fcber Windows3.11 bis zum aktuellen Windows 11. Sp\u00e4ter kam noch SLED und Mac OS X dazu. Im Serverbereich war es zuerst Netware und Windows NT bzw. Windows [&hellip;]<\/p>\n","protected":false},"author":2,"featured_media":31,"parent":0,"menu_order":0,"comment_status":"closed","ping_status":"open","template":"wp-custom-template-homepage","meta":{"footnotes":""},"class_list":["post-5","page","type-page","status-publish","has-post-thumbnail","hentry"],"_links":{"self":[{"href":"https:\/\/hamoit.de\/wp-json\/wp\/v2\/pages\/5","targetHints":{"allow":["GET"]}}],"collection":[{"href":"https:\/\/hamoit.de\/wp-json\/wp\/v2\/pages"}],"about":[{"href":"https:\/\/hamoit.de\/wp-json\/wp\/v2\/types\/page"}],"author":[{"embeddable":true,"href":"https:\/\/hamoit.de\/wp-json\/wp\/v2\/users\/2"}],"replies":[{"embeddable":true,"href":"https:\/\/hamoit.de\/wp-json\/wp\/v2\/comments?post=5"}],"version-history":[{"count":17,"href":"https:\/\/hamoit.de\/wp-json\/wp\/v2\/pages\/5\/revisions"}],"predecessor-version":[{"id":79,"href":"https:\/\/hamoit.de\/wp-json\/wp\/v2\/pages\/5\/revisions\/79"}],"wp:featuredmedia":[{"embeddable":true,"href":"https:\/\/hamoit.de\/wp-json\/wp\/v2\/media\/31"}],"wp:attachment":[{"href":"https:\/\/hamoit.de\/wp-json\/wp\/v2\/media?parent=5"}],"curies":[{"name":"wp","href":"https:\/\/api.w.org\/{rel}","templated":true}]}}